{"id":516,"date":"2020-08-10T10:08:27","date_gmt":"2020-08-10T10:08:27","guid":{"rendered":"http:\/\/grada.wp\/vara\/?page_id=516"},"modified":"2021-09-17T12:57:08","modified_gmt":"2021-09-17T12:57:08","slug":"about-us-2","status":"publish","type":"page","link":"https:\/\/gedperizie.it\/index.php\/about-us-2\/","title":{"rendered":"Privati<br>Aziende<br>Amministratori di condominio"},"content":{"rendered":"\t\t<div data-elementor-type=\"wp-page\" data-elementor-id=\"516\" class=\"elementor elementor-516\" data-elementor-settings=\"[]\">\n\t\t\t\t\t\t\t<div class=\"elementor-section-wrap\">\n\t\t\t\t\t\t\t<section class=\"elementor-section elementor-top-section elementor-element elementor-element-a5d6069 elementor-section-boxed elementor-section-height-default elementor-section-height-default gs-locked-section-no\" data-id=\"a5d6069\" data-element_type=\"section\" data-settings=\"{&quot;background_background&quot;:&quot;classic&quot;}\">\n\t\t\t\t\t\t<div class=\"elementor-container elementor-column-gap-default\">\n\t\t\t\t\t<div class=\"elementor-column elementor-col-100 elementor-top-column elementor-element elementor-element-5c4b52a\" data-id=\"5c4b52a\" data-element_type=\"column\">\n\t\t\t<div class=\"elementor-widget-wrap elementor-element-populated\">\n\t\t\t\t\t\t\t\t<div class=\"elementor-element elementor-element-24e8ad6 elementor-widget elementor-widget-image\" data-id=\"24e8ad6\" data-element_type=\"widget\" data-widget_type=\"image.default\">\n\t\t\t\t<div class=\"elementor-widget-container\">\n\t\t\t<style>\/*! elementor - v3.5.6 - 28-02-2022 *\/\n.elementor-widget-image{text-align:center}.elementor-widget-image a{display:inline-block}.elementor-widget-image a img[src$=\".svg\"]{width:48px}.elementor-widget-image img{vertical-align:middle;display:inline-block}<\/style>\t\t\t\t\t\t\t\t\t\t\t\t<img loading=\"lazy\" decoding=\"async\" width=\"1100\" height=\"820\" src=\"https:\/\/gedperizie.it\/wp-content\/uploads\/2020\/08\/minimal-portfolio-img-02.jpg\" class=\"attachment-full size-full\" alt=\"\" srcset=\"https:\/\/gedperizie.it\/wp-content\/uploads\/2020\/08\/minimal-portfolio-img-02.jpg 1100w, https:\/\/gedperizie.it\/wp-content\/uploads\/2020\/08\/minimal-portfolio-img-02-600x447.jpg 600w, https:\/\/gedperizie.it\/wp-content\/uploads\/2020\/08\/minimal-portfolio-img-02-300x224.jpg 300w, https:\/\/gedperizie.it\/wp-content\/uploads\/2020\/08\/minimal-portfolio-img-02-1024x763.jpg 1024w, https:\/\/gedperizie.it\/wp-content\/uploads\/2020\/08\/minimal-portfolio-img-02-768x573.jpg 768w\" sizes=\"auto, (max-width: 1100px) 100vw, 1100px\" \/>\t\t\t\t\t\t\t\t\t\t\t\t\t\t\t<\/div>\n\t\t\t\t<\/div>\n\t\t\t\t<section class=\"elementor-section elementor-inner-section elementor-element elementor-element-2343a9b elementor-section-content-middle elementor-section-boxed elementor-section-height-default elementor-section-height-default gs-locked-section-no\" data-id=\"2343a9b\" data-element_type=\"section\">\n\t\t\t\t\t\t<div class=\"elementor-container elementor-column-gap-default\">\n\t\t\t\t\t<div class=\"elementor-column elementor-col-50 elementor-inner-column elementor-element elementor-element-1db87cc\" data-id=\"1db87cc\" data-element_type=\"column\">\n\t\t\t<div class=\"elementor-widget-wrap\">\n\t\t\t\t\t\t\t\t\t<\/div>\n\t\t<\/div>\n\t\t\t\t<div class=\"elementor-column elementor-col-50 elementor-inner-column elementor-element elementor-element-c632384\" data-id=\"c632384\" data-element_type=\"column\">\n\t\t\t<div class=\"elementor-widget-wrap elementor-element-populated\">\n\t\t\t\t\t\t\t\t<div class=\"elementor-element elementor-element-0038d4f elementor-widget-divider--separator-type-pattern elementor-widget-divider--view-line elementor-widget elementor-widget-divider\" data-id=\"0038d4f\" data-element_type=\"widget\" data-widget_type=\"divider.default\">\n\t\t\t\t<div class=\"elementor-widget-container\">\n\t\t\t<style>\/*! elementor - v3.5.6 - 28-02-2022 *\/\n.elementor-widget-divider{--divider-border-style:none;--divider-border-width:1px;--divider-color:#2c2c2c;--divider-icon-size:20px;--divider-element-spacing:10px;--divider-pattern-height:24px;--divider-pattern-size:20px;--divider-pattern-url:none;--divider-pattern-repeat:repeat-x}.elementor-widget-divider .elementor-divider{display:-webkit-box;display:-ms-flexbox;display:flex}.elementor-widget-divider .elementor-divider__text{font-size:15px;line-height:1;max-width:95%}.elementor-widget-divider .elementor-divider__element{margin:0 var(--divider-element-spacing);-ms-flex-negative:0;flex-shrink:0}.elementor-widget-divider .elementor-icon{font-size:var(--divider-icon-size)}.elementor-widget-divider .elementor-divider-separator{display:-webkit-box;display:-ms-flexbox;display:flex;margin:0;direction:ltr}.elementor-widget-divider--view-line_icon .elementor-divider-separator,.elementor-widget-divider--view-line_text .elementor-divider-separator{-webkit-box-align:center;-ms-flex-align:center;align-items:center}.elementor-widget-divider--view-line_icon .elementor-divider-separator:after,.elementor-widget-divider--view-line_icon .elementor-divider-separator:before,.elementor-widget-divider--view-line_text .elementor-divider-separator:after,.elementor-widget-divider--view-line_text .elementor-divider-separator:before{display:block;content:\"\";border-bottom:0;-webkit-box-flex:1;-ms-flex-positive:1;flex-grow:1;border-top:var(--divider-border-width) var(--divider-border-style) var(--divider-color)}.elementor-widget-divider--element-align-left .elementor-divider .elementor-divider-separator>.elementor-divider__svg:first-of-type{-webkit-box-flex:0;-ms-flex-positive:0;flex-grow:0;-ms-flex-negative:100;flex-shrink:100}.elementor-widget-divider--element-align-left .elementor-divider-separator:before{content:none}.elementor-widget-divider--element-align-left .elementor-divider__element{margin-left:0}.elementor-widget-divider--element-align-right .elementor-divider .elementor-divider-separator>.elementor-divider__svg:last-of-type{-webkit-box-flex:0;-ms-flex-positive:0;flex-grow:0;-ms-flex-negative:100;flex-shrink:100}.elementor-widget-divider--element-align-right .elementor-divider-separator:after{content:none}.elementor-widget-divider--element-align-right .elementor-divider__element{margin-right:0}.elementor-widget-divider:not(.elementor-widget-divider--view-line_text):not(.elementor-widget-divider--view-line_icon) .elementor-divider-separator{border-top:var(--divider-border-width) var(--divider-border-style) var(--divider-color)}.elementor-widget-divider--separator-type-pattern{--divider-border-style:none}.elementor-widget-divider--separator-type-pattern.elementor-widget-divider--view-line .elementor-divider-separator,.elementor-widget-divider--separator-type-pattern:not(.elementor-widget-divider--view-line) .elementor-divider-separator:after,.elementor-widget-divider--separator-type-pattern:not(.elementor-widget-divider--view-line) .elementor-divider-separator:before,.elementor-widget-divider--separator-type-pattern:not([class*=elementor-widget-divider--view]) .elementor-divider-separator{width:100%;min-height:var(--divider-pattern-height);-webkit-mask-size:var(--divider-pattern-size) 100%;mask-size:var(--divider-pattern-size) 100%;-webkit-mask-repeat:var(--divider-pattern-repeat);mask-repeat:var(--divider-pattern-repeat);background-color:var(--divider-color);-webkit-mask-image:var(--divider-pattern-url);mask-image:var(--divider-pattern-url)}.elementor-widget-divider--no-spacing{--divider-pattern-size:auto}.elementor-widget-divider--bg-round{--divider-pattern-repeat:round}.rtl .elementor-widget-divider .elementor-divider__text{direction:rtl}<\/style>\t\t<div class=\"elementor-divider\" style=\"--divider-pattern-url: url(&quot;data:image\/svg+xml,%3Csvg xmlns=&#039;http:\/\/www.w3.org\/2000\/svg&#039; preserveAspectRatio=&#039;none&#039; overflow=&#039;visible&#039; height=&#039;100%&#039; viewBox=&#039;0 0 20 16&#039; fill=&#039;none&#039; stroke=&#039;black&#039; stroke-width=&#039;1&#039; stroke-linecap=&#039;square&#039; stroke-miterlimit=&#039;10&#039;%3E%3Cg transform=&#039;translate(-12.000000, 0)&#039;%3E%3Cpath d=&#039;M28,0L10,18&#039;\/%3E%3Cpath d=&#039;M18,0L0,18&#039;\/%3E%3Cpath d=&#039;M48,0L30,18&#039;\/%3E%3Cpath d=&#039;M38,0L20,18&#039;\/%3E%3C\/g%3E%3C\/svg%3E&quot;);\">\n\t\t\t<span class=\"elementor-divider-separator\">\n\t\t\t\t\t\t<\/span>\n\t\t<\/div>\n\t\t\t\t<\/div>\n\t\t\t\t<\/div>\n\t\t\t\t<div class=\"elementor-element elementor-element-9f92a17 elementor-widget elementor-widget-grada-section-title\" data-id=\"9f92a17\" data-element_type=\"widget\" data-widget_type=\"grada-section-title.default\">\n\t\t\t\t<div class=\"elementor-widget-container\">\n\t\t\t\t\t\t<div class=\"gs-section-title-holder\">\n                                    <div class=\"gs-section-title-inner\">\n\n\t\t\t                                        <h2 class=\"gs-section-title\">METODO G&D<\/h2>                        \t\t\t                                        <div class=\"gs-section-title-content\">\n\t                            <p>Noi di G&D Perizie siamo consapevoli dell\u2019importante ruolo di cui siamo investiti in un momento molto delicato della vita delle persone. La nostra unica missione \u00e8 far recuperare ai nostri clienti la serenit\u00e0 e la sicurezza perse con l\u2019incidente. Per fare questo, abbiamo messo a punto una procedura centrata non solo sull\u2019ottimizzazione economica del risarcimento, ma anche sul bisogno di sicurezza e serenit\u00e0 del cliente: il Metodo G&D.<\/p>\n                            <\/div>\n                                            <\/div>\n                \t\t\t<\/div>\n\t\t\t\t<\/div>\n\t\t\t\t<\/div>\n\t\t\t\t\t<\/div>\n\t\t<\/div>\n\t\t\t\t\t\t\t<\/div>\n\t\t<\/section>\n\t\t\t\t\t<\/div>\n\t\t<\/div>\n\t\t\t\t\t\t\t<\/div>\n\t\t<\/section>\n\t\t\t\t<section class=\"elementor-section elementor-top-section elementor-element elementor-element-590092a elementor-section-boxed elementor-section-height-default elementor-section-height-default gs-locked-section-no\" data-id=\"590092a\" data-element_type=\"section\">\n\t\t\t\t\t\t<div class=\"elementor-container elementor-column-gap-default\">\n\t\t\t\t\t<div class=\"elementor-column elementor-col-100 elementor-top-column elementor-element elementor-element-8929cf0\" data-id=\"8929cf0\" data-element_type=\"column\">\n\t\t\t<div class=\"elementor-widget-wrap elementor-element-populated\">\n\t\t\t\t\t\t\t\t<section class=\"elementor-section elementor-inner-section elementor-element elementor-element-a42e547 elementor-section-content-middle elementor-section-boxed elementor-section-height-default elementor-section-height-default gs-locked-section-no\" data-id=\"a42e547\" data-element_type=\"section\">\n\t\t\t\t\t\t<div class=\"elementor-container elementor-column-gap-wider\">\n\t\t\t\t\t<div class=\"elementor-column elementor-col-50 elementor-inner-column elementor-element elementor-element-b1eeb60\" data-id=\"b1eeb60\" data-element_type=\"column\">\n\t\t\t<div class=\"elementor-widget-wrap elementor-element-populated\">\n\t\t\t\t\t\t\t\t<div class=\"elementor-element elementor-element-ee7a76b elementor-widget-divider--separator-type-pattern elementor-widget-divider--view-line elementor-widget elementor-widget-divider\" data-id=\"ee7a76b\" data-element_type=\"widget\" data-widget_type=\"divider.default\">\n\t\t\t\t<div class=\"elementor-widget-container\">\n\t\t\t\t\t<div class=\"elementor-divider\" style=\"--divider-pattern-url: url(&quot;data:image\/svg+xml,%3Csvg xmlns=&#039;http:\/\/www.w3.org\/2000\/svg&#039; preserveAspectRatio=&#039;none&#039; overflow=&#039;visible&#039; height=&#039;100%&#039; viewBox=&#039;0 0 20 16&#039; fill=&#039;none&#039; stroke=&#039;black&#039; stroke-width=&#039;1&#039; stroke-linecap=&#039;square&#039; stroke-miterlimit=&#039;10&#039;%3E%3Cg transform=&#039;translate(-12.000000, 0)&#039;%3E%3Cpath d=&#039;M28,0L10,18&#039;\/%3E%3Cpath d=&#039;M18,0L0,18&#039;\/%3E%3Cpath d=&#039;M48,0L30,18&#039;\/%3E%3Cpath d=&#039;M38,0L20,18&#039;\/%3E%3C\/g%3E%3C\/svg%3E&quot;);\">\n\t\t\t<span class=\"elementor-divider-separator\">\n\t\t\t\t\t\t<\/span>\n\t\t<\/div>\n\t\t\t\t<\/div>\n\t\t\t\t<\/div>\n\t\t\t\t<div class=\"elementor-element elementor-element-94f556d elementor-widget elementor-widget-grada-section-title\" data-id=\"94f556d\" data-element_type=\"widget\" data-widget_type=\"grada-section-title.default\">\n\t\t\t\t<div class=\"elementor-widget-container\">\n\t\t\t\t\t\t<div class=\"gs-section-title-holder\">\n                                    <div class=\"gs-section-title-inner\">\n\n\t\t\t                                        <h2 class=\"gs-section-title\">LE 4 FASI<\/h2>                        \t\t\t                                <\/div>\n                \t\t\t<\/div>\n\t\t\t\t<\/div>\n\t\t\t\t<\/div>\n\t\t\t\t<div class=\"elementor-element elementor-element-4cec7eb elementor-widget-divider--separator-type-pattern elementor-widget-divider--view-line elementor-widget elementor-widget-divider\" data-id=\"4cec7eb\" data-element_type=\"widget\" data-widget_type=\"divider.default\">\n\t\t\t\t<div class=\"elementor-widget-container\">\n\t\t\t\t\t<div class=\"elementor-divider\" style=\"--divider-pattern-url: url(&quot;data:image\/svg+xml,%3Csvg xmlns=&#039;http:\/\/www.w3.org\/2000\/svg&#039; preserveAspectRatio=&#039;none&#039; overflow=&#039;visible&#039; height=&#039;100%&#039; viewBox=&#039;0 0 20 16&#039; fill=&#039;none&#039; stroke=&#039;black&#039; stroke-width=&#039;1&#039; stroke-linecap=&#039;square&#039; stroke-miterlimit=&#039;10&#039;%3E%3Cg transform=&#039;translate(-12.000000, 0)&#039;%3E%3Cpath d=&#039;M28,0L10,18&#039;\/%3E%3Cpath d=&#039;M18,0L0,18&#039;\/%3E%3Cpath d=&#039;M48,0L30,18&#039;\/%3E%3Cpath d=&#039;M38,0L20,18&#039;\/%3E%3C\/g%3E%3C\/svg%3E&quot;);\">\n\t\t\t<span class=\"elementor-divider-separator\">\n\t\t\t\t\t\t<\/span>\n\t\t<\/div>\n\t\t\t\t<\/div>\n\t\t\t\t<\/div>\n\t\t\t\t<div class=\"elementor-element elementor-element-2297272 elementor-widget elementor-widget-spacer\" data-id=\"2297272\" data-element_type=\"widget\" data-widget_type=\"spacer.default\">\n\t\t\t\t<div class=\"elementor-widget-container\">\n\t\t\t\t\t<div class=\"elementor-spacer\">\n\t\t\t<div class=\"elementor-spacer-inner\"><\/div>\n\t\t<\/div>\n\t\t\t\t<\/div>\n\t\t\t\t<\/div>\n\t\t\t\t<div class=\"elementor-element elementor-element-68e22e4 elementor-widget elementor-widget-grada-section-title\" data-id=\"68e22e4\" data-element_type=\"widget\" data-widget_type=\"grada-section-title.default\">\n\t\t\t\t<div class=\"elementor-widget-container\">\n\t\t\t\t\t\t<div class=\"gs-section-title-holder\">\n                                    <div class=\"gs-section-title-inner\">\n\n\t\t\t                                        <h2 class=\"gs-section-title\">FASE 1<\/h2>                        \t\t\t                                        <div class=\"gs-section-title-content\">\n\t                            <p>Primo sopralluogo GRATUITO, SENZA MANDATO e SENZA IMPEGNO. Il primo sopralluogo \u00e8 il momento pi\u00f9 importante: \u00e8 il frangente in cui il perito dell\u2019assicurazione procede alla raccolta dei dati e delle dichiarazioni. Sfortunatamente, basta veramente poco per compromettere il buon esito della pratica (una dichiarazione poco coerente, una ipervalutazione o una svalutazione eccessiva del danno, qualche errore formale...). Qui entriamo in gioco noi, supportando i danneggiati durante il primo sopralluogo al fine di evitare di creare \u201cappigli\u201d per l\u2019assicurazione. [] La nostra filosofia \u00e8 quella di mettere l\u2019interesse delle persone in primo piano,  perci\u00f2 svolgiamo questo servizio SENZA la firma del mandato, in modo totalmente GRATUITO e SENZA IMPEGNO. Questo significa che le vittime di sinistri potranno avvalersi del nostro supporto professionale gratuito e poi decidere se affidarci l\u2019incarico oppure no.<\/p>\n                            <\/div>\n                                            <\/div>\n                \t\t\t<\/div>\n\t\t\t\t<\/div>\n\t\t\t\t<\/div>\n\t\t\t\t<div class=\"elementor-element elementor-element-5d3a5fe elementor-widget elementor-widget-grada-section-title\" data-id=\"5d3a5fe\" data-element_type=\"widget\" data-widget_type=\"grada-section-title.default\">\n\t\t\t\t<div class=\"elementor-widget-container\">\n\t\t\t\t\t\t<div class=\"gs-section-title-holder\">\n                                    <div class=\"gs-section-title-inner\">\n\n\t\t\t                                        <h2 class=\"gs-section-title\">FASE 2<\/h2>                        \t\t\t                                        <div class=\"gs-section-title-content\">\n\t                            <p>Presa in carico del sinistro. \u00c8 la fase in cui il danneggiato, dopo il primo approccio gratuito e senza impegno, decide di rimandare a noi la gestione del sinistro: qui si procede alla firma del contratto, all\u2019analisi della polizza assicurativa con le sue criticit\u00e0 e alla stima corretta e realistica dell\u2019entit\u00e0 del danno.<\/p>\n                            <\/div>\n                                            <\/div>\n                \t\t\t<\/div>\n\t\t\t\t<\/div>\n\t\t\t\t<\/div>\n\t\t\t\t<div class=\"elementor-element elementor-element-eb4814c elementor-widget elementor-widget-spacer\" data-id=\"eb4814c\" data-element_type=\"widget\" data-widget_type=\"spacer.default\">\n\t\t\t\t<div class=\"elementor-widget-container\">\n\t\t\t\t\t<div class=\"elementor-spacer\">\n\t\t\t<div class=\"elementor-spacer-inner\"><\/div>\n\t\t<\/div>\n\t\t\t\t<\/div>\n\t\t\t\t<\/div>\n\t\t\t\t<div class=\"elementor-element elementor-element-9832b8c elementor-invisible elementor-widget elementor-widget-image\" data-id=\"9832b8c\" data-element_type=\"widget\" data-settings=\"{&quot;_animation&quot;:&quot;gsSkewIn&quot;}\" data-widget_type=\"image.default\">\n\t\t\t\t<div class=\"elementor-widget-container\">\n\t\t\t\t\t\t\t\t\t\t\t\t\t\t\t<img loading=\"lazy\" decoding=\"async\" width=\"800\" height=\"1316\" src=\"https:\/\/gedperizie.it\/wp-content\/uploads\/2020\/08\/architecture-studio-p-07.jpg\" class=\"attachment-full size-full\" alt=\"\" srcset=\"https:\/\/gedperizie.it\/wp-content\/uploads\/2020\/08\/architecture-studio-p-07.jpg 800w, https:\/\/gedperizie.it\/wp-content\/uploads\/2020\/08\/architecture-studio-p-07-600x987.jpg 600w, https:\/\/gedperizie.it\/wp-content\/uploads\/2020\/08\/architecture-studio-p-07-182x300.jpg 182w, https:\/\/gedperizie.it\/wp-content\/uploads\/2020\/08\/architecture-studio-p-07-622x1024.jpg 622w, https:\/\/gedperizie.it\/wp-content\/uploads\/2020\/08\/architecture-studio-p-07-768x1263.jpg 768w\" sizes=\"auto, (max-width: 800px) 100vw, 800px\" \/>\t\t\t\t\t\t\t\t\t\t\t\t\t\t\t<\/div>\n\t\t\t\t<\/div>\n\t\t\t\t\t<\/div>\n\t\t<\/div>\n\t\t\t\t<div class=\"elementor-column elementor-col-50 elementor-inner-column elementor-element elementor-element-d1836b5\" data-id=\"d1836b5\" data-element_type=\"column\">\n\t\t\t<div class=\"elementor-widget-wrap elementor-element-populated\">\n\t\t\t\t\t\t\t\t<div class=\"elementor-element elementor-element-2f62f62 elementor-invisible elementor-widget elementor-widget-image\" data-id=\"2f62f62\" data-element_type=\"widget\" data-settings=\"{&quot;_animation&quot;:&quot;gsSkewIn&quot;}\" data-widget_type=\"image.default\">\n\t\t\t\t<div class=\"elementor-widget-container\">\n\t\t\t\t\t\t\t\t\t\t\t\t\t\t\t<img loading=\"lazy\" decoding=\"async\" width=\"550\" height=\"550\" src=\"https:\/\/gedperizie.it\/wp-content\/uploads\/2020\/08\/portfolio-metro-10.jpg\" class=\"attachment-full size-full\" alt=\"\" srcset=\"https:\/\/gedperizie.it\/wp-content\/uploads\/2020\/08\/portfolio-metro-10.jpg 550w, https:\/\/gedperizie.it\/wp-content\/uploads\/2020\/08\/portfolio-metro-10-300x300.jpg 300w, https:\/\/gedperizie.it\/wp-content\/uploads\/2020\/08\/portfolio-metro-10-100x100.jpg 100w, https:\/\/gedperizie.it\/wp-content\/uploads\/2020\/08\/portfolio-metro-10-150x150.jpg 150w, https:\/\/gedperizie.it\/wp-content\/uploads\/2020\/08\/portfolio-metro-10-500x500.jpg 500w\" sizes=\"auto, (max-width: 550px) 100vw, 550px\" \/>\t\t\t\t\t\t\t\t\t\t\t\t\t\t\t<\/div>\n\t\t\t\t<\/div>\n\t\t\t\t<div class=\"elementor-element elementor-element-7340439 elementor-widget elementor-widget-spacer\" data-id=\"7340439\" data-element_type=\"widget\" data-widget_type=\"spacer.default\">\n\t\t\t\t<div class=\"elementor-widget-container\">\n\t\t\t\t\t<div class=\"elementor-spacer\">\n\t\t\t<div class=\"elementor-spacer-inner\"><\/div>\n\t\t<\/div>\n\t\t\t\t<\/div>\n\t\t\t\t<\/div>\n\t\t\t\t<div class=\"elementor-element elementor-element-cbe8859 elementor-widget elementor-widget-grada-section-title\" data-id=\"cbe8859\" data-element_type=\"widget\" data-widget_type=\"grada-section-title.default\">\n\t\t\t\t<div class=\"elementor-widget-container\">\n\t\t\t\t\t\t<div class=\"gs-section-title-holder\">\n                                    <div class=\"gs-section-title-inner\">\n\n\t\t\t                                        <h2 class=\"gs-section-title\">FASE 3<\/h2>                        \t\t\t                                        <div class=\"gs-section-title-content\">\n\t                            <p>Contrattazione e iter burocratico. Durante questa fase, il nostro perito tecnico di parte si occupa di contrattare i termini economici del risarcimento con l\u2019assicurazione, il tutto collaborando assieme al perito assicurativo sulla base di quanto concordato in precedenza con il cliente. Per alleviare ulteriormente il carico di stress ai nostri assistiti, pensiamo noi a raccogliere l\u2019enorme mole di documentazione necessaria alla procedura, evitando  complicazioni e perdite di tempo burocratiche.<\/p>\n                            <\/div>\n                                            <\/div>\n                \t\t\t<\/div>\n\t\t\t\t<\/div>\n\t\t\t\t<\/div>\n\t\t\t\t<div class=\"elementor-element elementor-element-eff940c elementor-widget elementor-widget-grada-section-title\" data-id=\"eff940c\" data-element_type=\"widget\" data-widget_type=\"grada-section-title.default\">\n\t\t\t\t<div class=\"elementor-widget-container\">\n\t\t\t\t\t\t<div class=\"gs-section-title-holder\">\n                                    <div class=\"gs-section-title-inner\">\n\n\t\t\t                                        <h2 class=\"gs-section-title\">FASE 4<\/h2>                        \t\t\t                                        <div class=\"gs-section-title-content\">\n\t                            <p>Chiusura del sinistro. Dopo le prime 3 fasi, rimangono soltanto le poche pratiche necessarie alla chiusura del sinistro e alla liquidazione dell\u2019indennizzo. La nostra assistenza si estende fino alle ultime battute della procedura, sollecitando la compagnia alla liquidazione dell'indennizzo entro i termini sanciti dal contratto.<\/p>\n                            <\/div>\n                                            <\/div>\n                \t\t\t<\/div>\n\t\t\t\t<\/div>\n\t\t\t\t<\/div>\n\t\t\t\t\t<\/div>\n\t\t<\/div>\n\t\t\t\t\t\t\t<\/div>\n\t\t<\/section>\n\t\t\t\t\t<\/div>\n\t\t<\/div>\n\t\t\t\t\t\t\t<\/div>\n\t\t<\/section>\n\t\t\t\t\t\t<\/div>\n\t\t\t\t\t<\/div>\n\t\t","protected":false},"excerpt":{"rendered":"<p>METODO G&#038;D Noi di G&#038;D Perizie siamo consapevoli dell\u2019importante ruolo di cui siamo investiti in un momento molto delicato della vita delle persone&#8230;.<\/p>\n","protected":false},"author":1,"featured_media":0,"parent":0,"menu_order":0,"comment_status":"closed","ping_status":"closed","template":"","meta":{"footnotes":""},"class_list":["post-516","page","type-page","status-publish","hentry"],"acf":[],"_links":{"self":[{"href":"https:\/\/gedperizie.it\/index.php\/wp-json\/wp\/v2\/pages\/516","targetHints":{"allow":["GET"]}}],"collection":[{"href":"https:\/\/gedperizie.it\/index.php\/wp-json\/wp\/v2\/pages"}],"about":[{"href":"https:\/\/gedperizie.it\/index.php\/wp-json\/wp\/v2\/types\/page"}],"author":[{"embeddable":true,"href":"https:\/\/gedperizie.it\/index.php\/wp-json\/wp\/v2\/users\/1"}],"replies":[{"embeddable":true,"href":"https:\/\/gedperizie.it\/index.php\/wp-json\/wp\/v2\/comments?post=516"}],"version-history":[{"count":54,"href":"https:\/\/gedperizie.it\/index.php\/wp-json\/wp\/v2\/pages\/516\/revisions"}],"predecessor-version":[{"id":2639,"href":"https:\/\/gedperizie.it\/index.php\/wp-json\/wp\/v2\/pages\/516\/revisions\/2639"}],"wp:attachment":[{"href":"https:\/\/gedperizie.it\/index.php\/wp-json\/wp\/v2\/media?parent=516"}],"curies":[{"name":"wp","href":"https:\/\/api.w.org\/{rel}","templated":true}]}}