{"id":857,"date":"2020-08-13T22:14:00","date_gmt":"2020-08-13T22:14:00","guid":{"rendered":"http:\/\/grada.wp\/vara\/?page_id=857"},"modified":"2021-09-17T13:06:28","modified_gmt":"2021-09-17T13:06:28","slug":"metro-portfolio","status":"publish","type":"page","link":"https:\/\/gedperizie.it\/","title":{"rendered":"J&#038;D Perizie"},"content":{"rendered":"\t\t<div data-elementor-type=\"wp-page\" data-elementor-id=\"857\" class=\"elementor elementor-857\" data-elementor-settings=\"[]\">\n\t\t\t\t\t\t\t<div class=\"elementor-section-wrap\">\n\t\t\t\t\t\t\t<section class=\"elementor-section elementor-top-section elementor-element elementor-element-a1fa564 elementor-section-boxed elementor-section-height-default elementor-section-height-default gs-locked-section-no\" data-id=\"a1fa564\" data-element_type=\"section\" data-settings=\"{&quot;background_background&quot;:&quot;classic&quot;}\">\n\t\t\t\t\t\t<div class=\"elementor-container elementor-column-gap-default\">\n\t\t\t\t\t<div class=\"elementor-column elementor-col-100 elementor-top-column elementor-element elementor-element-a49dd70\" data-id=\"a49dd70\" data-element_type=\"column\">\n\t\t\t<div class=\"elementor-widget-wrap elementor-element-populated\">\n\t\t\t\t\t\t\t\t<section class=\"elementor-section elementor-inner-section elementor-element elementor-element-e5edbbc elementor-section-boxed elementor-section-height-default elementor-section-height-default gs-locked-section-no\" data-id=\"e5edbbc\" data-element_type=\"section\">\n\t\t\t\t\t\t<div class=\"elementor-container elementor-column-gap-wider\">\n\t\t\t\t\t<div class=\"elementor-column elementor-col-100 elementor-inner-column elementor-element elementor-element-d896813\" data-id=\"d896813\" data-element_type=\"column\">\n\t\t\t<div class=\"elementor-widget-wrap elementor-element-populated\">\n\t\t\t\t\t\t\t\t<div class=\"elementor-element elementor-element-8c8b45d elementor-widget elementor-widget-image\" data-id=\"8c8b45d\" data-element_type=\"widget\" data-widget_type=\"image.default\">\n\t\t\t\t<div class=\"elementor-widget-container\">\n\t\t\t<style>\/*! elementor - v3.5.6 - 28-02-2022 *\/\n.elementor-widget-image{text-align:center}.elementor-widget-image a{display:inline-block}.elementor-widget-image a img[src$=\".svg\"]{width:48px}.elementor-widget-image img{vertical-align:middle;display:inline-block}<\/style>\t\t\t\t\t\t\t\t\t\t\t\t<img decoding=\"async\" src=\"https:\/\/gedperizie.it\/wp-content\/uploads\/2021\/05\/cropped-Artboard-1@4x-100x100.png\" title=\"cropped-Artboard-1@4x.png\" alt=\"cropped-Artboard-1@4x.png\" \/>\t\t\t\t\t\t\t\t\t\t\t\t\t\t\t<\/div>\n\t\t\t\t<\/div>\n\t\t\t\t<div class=\"elementor-element elementor-element-881be4c elementor-widget elementor-widget-text-editor\" data-id=\"881be4c\" data-element_type=\"widget\" data-widget_type=\"text-editor.default\">\n\t\t\t\t<div class=\"elementor-widget-container\">\n\t\t\t<style>\/*! elementor - v3.5.6 - 28-02-2022 *\/\n.elementor-widget-text-editor.elementor-drop-cap-view-stacked .elementor-drop-cap{background-color:#818a91;color:#fff}.elementor-widget-text-editor.elementor-drop-cap-view-framed .elementor-drop-cap{color:#818a91;border:3px solid;background-color:transparent}.elementor-widget-text-editor:not(.elementor-drop-cap-view-default) .elementor-drop-cap{margin-top:8px}.elementor-widget-text-editor:not(.elementor-drop-cap-view-default) .elementor-drop-cap-letter{width:1em;height:1em}.elementor-widget-text-editor .elementor-drop-cap{float:left;text-align:center;line-height:1;font-size:50px}.elementor-widget-text-editor .elementor-drop-cap-letter{display:inline-block}<\/style>\t\t\t\t<p>G&amp;D Perizie, i periti tecnici di parte con un\u2019unica missione:<br \/>lavorare al tuo fianco per farti riacquistare serenit\u00e0 e sicurezza<\/p>\t\t\t\t\t\t<\/div>\n\t\t\t\t<\/div>\n\t\t\t\t\t<\/div>\n\t\t<\/div>\n\t\t\t\t\t\t\t<\/div>\n\t\t<\/section>\n\t\t\t\t\t<\/div>\n\t\t<\/div>\n\t\t\t\t\t\t\t<\/div>\n\t\t<\/section>\n\t\t\t\t<section class=\"elementor-section elementor-top-section elementor-element elementor-element-2e65590 elementor-section-full_width elementor-section-height-default elementor-section-height-default gs-locked-section-no\" data-id=\"2e65590\" data-element_type=\"section\">\n\t\t\t\t\t\t<div class=\"elementor-container elementor-column-gap-extended\">\n\t\t\t\t\t<div class=\"elementor-column elementor-col-20 elementor-top-column elementor-element elementor-element-c30c125\" data-id=\"c30c125\" data-element_type=\"column\">\n\t\t\t<div class=\"elementor-widget-wrap\">\n\t\t\t\t\t\t\t\t\t<\/div>\n\t\t<\/div>\n\t\t\t\t<div class=\"elementor-column elementor-col-20 elementor-top-column elementor-element elementor-element-2dd4fb0\" data-id=\"2dd4fb0\" data-element_type=\"column\">\n\t\t\t<div class=\"elementor-widget-wrap elementor-element-populated\">\n\t\t\t\t\t\t\t\t<div class=\"elementor-element elementor-element-f0d0394 elementor-widget elementor-widget-image\" data-id=\"f0d0394\" data-element_type=\"widget\" data-widget_type=\"image.default\">\n\t\t\t\t<div class=\"elementor-widget-container\">\n\t\t\t\t\t\t\t\t\t\t\t\t\t\t\t<img loading=\"lazy\" decoding=\"async\" width=\"1300\" height=\"867\" src=\"https:\/\/gedperizie.it\/wp-content\/uploads\/2020\/08\/project-img-02.jpg\" class=\"attachment-full size-full\" alt=\"\" srcset=\"https:\/\/gedperizie.it\/wp-content\/uploads\/2020\/08\/project-img-02.jpg 1300w, https:\/\/gedperizie.it\/wp-content\/uploads\/2020\/08\/project-img-02-600x400.jpg 600w, https:\/\/gedperizie.it\/wp-content\/uploads\/2020\/08\/project-img-02-300x200.jpg 300w, https:\/\/gedperizie.it\/wp-content\/uploads\/2020\/08\/project-img-02-1024x683.jpg 1024w, https:\/\/gedperizie.it\/wp-content\/uploads\/2020\/08\/project-img-02-768x512.jpg 768w\" sizes=\"auto, (max-width: 1300px) 100vw, 1300px\" \/>\t\t\t\t\t\t\t\t\t\t\t\t\t\t\t<\/div>\n\t\t\t\t<\/div>\n\t\t\t\t<div class=\"elementor-element elementor-element-0c1c3e3 elementor-widget elementor-widget-spacer\" data-id=\"0c1c3e3\" data-element_type=\"widget\" data-widget_type=\"spacer.default\">\n\t\t\t\t<div class=\"elementor-widget-container\">\n\t\t\t\t\t<div class=\"elementor-spacer\">\n\t\t\t<div class=\"elementor-spacer-inner\"><\/div>\n\t\t<\/div>\n\t\t\t\t<\/div>\n\t\t\t\t<\/div>\n\t\t\t\t<section class=\"elementor-section elementor-inner-section elementor-element elementor-element-e72582f elementor-section-boxed elementor-section-height-default elementor-section-height-default gs-locked-section-no\" data-id=\"e72582f\" data-element_type=\"section\">\n\t\t\t\t\t\t<div class=\"elementor-container elementor-column-gap-default\">\n\t\t\t\t\t<div class=\"elementor-column elementor-col-33 elementor-inner-column elementor-element elementor-element-66ca54d\" data-id=\"66ca54d\" data-element_type=\"column\">\n\t\t\t<div class=\"elementor-widget-wrap\">\n\t\t\t\t\t\t\t\t\t<\/div>\n\t\t<\/div>\n\t\t\t\t<div class=\"elementor-column elementor-col-66 elementor-inner-column elementor-element elementor-element-26c2894\" data-id=\"26c2894\" data-element_type=\"column\">\n\t\t\t<div class=\"elementor-widget-wrap elementor-element-populated\">\n\t\t\t\t\t\t\t\t<div class=\"elementor-element elementor-element-42d0370 elementor-widget elementor-widget-text-editor\" data-id=\"42d0370\" data-element_type=\"widget\" data-widget_type=\"text-editor.default\">\n\t\t\t\t<div class=\"elementor-widget-container\">\n\t\t\t\t\t\t\t<p style=\"text-align: left;\">Ogni incidente reca con s\u00e9 molto pi\u00f9 di un semplice danno economico: porta a galla vulnerabilit\u00e0, insicurezze, confusione, crea situazioni di stress tali da rendere quasi impossibile per i danneggiati orientarsi e prendere la decisione giusta. Spesso, ad aggravare il peso dei pensieri negativi si aggiunge anche un\u2019altra enorme preoccupazione: l\u2019assicurazione. Noi di G&amp;D Perizie sappiamo bene quale carico di stress debba sopportare chi ha avuto la sfortuna di subire danni accidentali e proprio per questo abbiamo fondato la nostra professionalit\u00e0 sulle esigenze dei clienti, facendo diventare la loro sicurezza e la loro serenit\u00e0 la nostra unica missione.<\/p>\t\t\t\t\t\t<\/div>\n\t\t\t\t<\/div>\n\t\t\t\t\t<\/div>\n\t\t<\/div>\n\t\t\t\t\t\t\t<\/div>\n\t\t<\/section>\n\t\t\t\t<div class=\"elementor-element elementor-element-ef72263 elementor-widget elementor-widget-spacer\" data-id=\"ef72263\" data-element_type=\"widget\" data-widget_type=\"spacer.default\">\n\t\t\t\t<div class=\"elementor-widget-container\">\n\t\t\t\t\t<div class=\"elementor-spacer\">\n\t\t\t<div class=\"elementor-spacer-inner\"><\/div>\n\t\t<\/div>\n\t\t\t\t<\/div>\n\t\t\t\t<\/div>\n\t\t\t\t<div class=\"elementor-element elementor-element-3260a01 elementor-widget elementor-widget-spacer\" data-id=\"3260a01\" data-element_type=\"widget\" data-widget_type=\"spacer.default\">\n\t\t\t\t<div class=\"elementor-widget-container\">\n\t\t\t\t\t<div class=\"elementor-spacer\">\n\t\t\t<div class=\"elementor-spacer-inner\"><\/div>\n\t\t<\/div>\n\t\t\t\t<\/div>\n\t\t\t\t<\/div>\n\t\t\t\t\t<\/div>\n\t\t<\/div>\n\t\t\t\t<div class=\"elementor-column elementor-col-20 elementor-top-column elementor-element elementor-element-8d19562\" data-id=\"8d19562\" data-element_type=\"column\">\n\t\t\t<div class=\"elementor-widget-wrap\">\n\t\t\t\t\t\t\t\t\t<\/div>\n\t\t<\/div>\n\t\t\t\t<div class=\"elementor-column elementor-col-20 elementor-top-column elementor-element elementor-element-534b423\" data-id=\"534b423\" data-element_type=\"column\">\n\t\t\t<div class=\"elementor-widget-wrap elementor-element-populated\">\n\t\t\t\t\t\t\t\t<div class=\"elementor-element elementor-element-84bfc64 elementor-widget elementor-widget-image\" data-id=\"84bfc64\" data-element_type=\"widget\" data-widget_type=\"image.default\">\n\t\t\t\t<div class=\"elementor-widget-container\">\n\t\t\t\t\t\t\t\t\t\t\t\t\t\t\t<img loading=\"lazy\" decoding=\"async\" width=\"800\" height=\"1316\" src=\"https:\/\/gedperizie.it\/wp-content\/uploads\/2020\/08\/architecture-studio-p-06.jpg\" class=\"attachment-full size-full\" alt=\"\" srcset=\"https:\/\/gedperizie.it\/wp-content\/uploads\/2020\/08\/architecture-studio-p-06.jpg 800w, https:\/\/gedperizie.it\/wp-content\/uploads\/2020\/08\/architecture-studio-p-06-600x987.jpg 600w, https:\/\/gedperizie.it\/wp-content\/uploads\/2020\/08\/architecture-studio-p-06-182x300.jpg 182w, https:\/\/gedperizie.it\/wp-content\/uploads\/2020\/08\/architecture-studio-p-06-622x1024.jpg 622w, https:\/\/gedperizie.it\/wp-content\/uploads\/2020\/08\/architecture-studio-p-06-768x1263.jpg 768w\" sizes=\"auto, (max-width: 800px) 100vw, 800px\" \/>\t\t\t\t\t\t\t\t\t\t\t\t\t\t\t<\/div>\n\t\t\t\t<\/div>\n\t\t\t\t\t<\/div>\n\t\t<\/div>\n\t\t\t\t<div class=\"elementor-column elementor-col-20 elementor-top-column elementor-element elementor-element-5d44d47\" data-id=\"5d44d47\" data-element_type=\"column\">\n\t\t\t<div class=\"elementor-widget-wrap\">\n\t\t\t\t\t\t\t\t\t<\/div>\n\t\t<\/div>\n\t\t\t\t\t\t\t<\/div>\n\t\t<\/section>\n\t\t\t\t<section class=\"elementor-section elementor-top-section elementor-element elementor-element-83b746a elementor-section-full_width elementor-section-height-default elementor-section-height-default gs-locked-section-no\" data-id=\"83b746a\" data-element_type=\"section\">\n\t\t\t\t\t\t<div class=\"elementor-container elementor-column-gap-default\">\n\t\t\t\t\t<div class=\"elementor-column elementor-col-16 elementor-top-column elementor-element elementor-element-53f4e62\" data-id=\"53f4e62\" data-element_type=\"column\">\n\t\t\t<div class=\"elementor-widget-wrap\">\n\t\t\t\t\t\t\t\t\t<\/div>\n\t\t<\/div>\n\t\t\t\t<div class=\"elementor-column elementor-col-66 elementor-top-column elementor-element elementor-element-67b38d6\" data-id=\"67b38d6\" data-element_type=\"column\">\n\t\t\t<div class=\"elementor-widget-wrap elementor-element-populated\">\n\t\t\t\t\t\t\t\t<section class=\"elementor-section elementor-inner-section elementor-element elementor-element-71b7988 elementor-section-boxed elementor-section-height-default elementor-section-height-default gs-locked-section-no\" data-id=\"71b7988\" data-element_type=\"section\">\n\t\t\t\t\t\t<div class=\"elementor-container elementor-column-gap-default\">\n\t\t\t\t\t<div class=\"elementor-column elementor-col-50 elementor-inner-column elementor-element elementor-element-2a6f6d0\" data-id=\"2a6f6d0\" data-element_type=\"column\">\n\t\t\t<div class=\"elementor-widget-wrap elementor-element-populated\">\n\t\t\t\t\t\t\t\t<div class=\"elementor-element elementor-element-01caeb0 elementor-widget elementor-widget-text-editor\" data-id=\"01caeb0\" data-element_type=\"widget\" data-widget_type=\"text-editor.default\">\n\t\t\t\t<div class=\"elementor-widget-container\">\n\t\t\t\t\t\t\t<p style=\"text-align: left;\"><strong><em>Cosa fa un perito tecnico di parte?<\/em><\/strong><\/p><p style=\"text-align: left;\">Un perito tecnico di parte \u00e8 una figura professionale preposta alla gestione di un sinistro di qualunque natura. Dalle dichiarazioni \u201ca caldo\u201d alla firma finale sull\u2019ultima pratica, il perito tecnico di parte supporta il cliente nella documentazione relativa all\u2019incidente, nella stima corretta del danno e nella contrattazione con l\u2019assicurazione al fine di raggiungere il miglior risarcimento economico possibile.\u00a0<\/p>\t\t\t\t\t\t<\/div>\n\t\t\t\t<\/div>\n\t\t\t\t\t<\/div>\n\t\t<\/div>\n\t\t\t\t<div class=\"elementor-column elementor-col-50 elementor-inner-column elementor-element elementor-element-4ead4c2\" data-id=\"4ead4c2\" data-element_type=\"column\">\n\t\t\t<div class=\"elementor-widget-wrap elementor-element-populated\">\n\t\t\t\t\t\t\t\t<div class=\"elementor-element elementor-element-b8b4f2b elementor-widget elementor-widget-text-editor\" data-id=\"b8b4f2b\" data-element_type=\"widget\" data-widget_type=\"text-editor.default\">\n\t\t\t\t<div class=\"elementor-widget-container\">\n\t\t\t\t\t\t\t<p><span style=\"font-family: Overpass, serif; font-weight: 600; font-size: 15px; color: #ffffff;\"><em style=\"font-size: 15px;\">Cosa fa un perito tecnico di parte?<\/em><\/span><\/p><p style=\"text-align: left;\">Il perito tecnico di parte \u00e8 un professionista indipendente e certificato che collabora con il perito dell\u2019assicurazione di riferimento e si assicura il corretto svolgimento di ogni pratica relativa al caso, garantendo al cliente il pieno rispetto dei suoi interessi contrattuali ed economici.<\/p>\t\t\t\t\t\t<\/div>\n\t\t\t\t<\/div>\n\t\t\t\t\t<\/div>\n\t\t<\/div>\n\t\t\t\t\t\t\t<\/div>\n\t\t<\/section>\n\t\t\t\t\t<\/div>\n\t\t<\/div>\n\t\t\t\t<div class=\"elementor-column elementor-col-16 elementor-top-column elementor-element elementor-element-c265f3e\" data-id=\"c265f3e\" data-element_type=\"column\">\n\t\t\t<div class=\"elementor-widget-wrap\">\n\t\t\t\t\t\t\t\t\t<\/div>\n\t\t<\/div>\n\t\t\t\t\t\t\t<\/div>\n\t\t<\/section>\n\t\t\t\t<section class=\"elementor-section elementor-top-section elementor-element elementor-element-c0159e9 elementor-section-boxed elementor-section-height-default elementor-section-height-default gs-locked-section-no\" data-id=\"c0159e9\" data-element_type=\"section\">\n\t\t\t\t\t\t<div class=\"elementor-container elementor-column-gap-narrow\">\n\t\t\t\t\t<div class=\"elementor-column elementor-col-33 elementor-top-column elementor-element elementor-element-3134aab\" data-id=\"3134aab\" data-element_type=\"column\">\n\t\t\t<div class=\"elementor-widget-wrap elementor-element-populated\">\n\t\t\t\t\t\t\t\t<div class=\"elementor-element elementor-element-4b12b8d elementor-widget elementor-widget-spacer\" data-id=\"4b12b8d\" data-element_type=\"widget\" data-widget_type=\"spacer.default\">\n\t\t\t\t<div class=\"elementor-widget-container\">\n\t\t\t\t\t<div class=\"elementor-spacer\">\n\t\t\t<div class=\"elementor-spacer-inner\"><\/div>\n\t\t<\/div>\n\t\t\t\t<\/div>\n\t\t\t\t<\/div>\n\t\t\t\t\t<\/div>\n\t\t<\/div>\n\t\t\t\t<div class=\"elementor-column elementor-col-33 elementor-top-column elementor-element elementor-element-b7b7467\" data-id=\"b7b7467\" data-element_type=\"column\">\n\t\t\t<div class=\"elementor-widget-wrap elementor-element-populated\">\n\t\t\t\t\t\t\t\t<div class=\"elementor-element elementor-element-761eaee elementor-widget elementor-widget-spacer\" data-id=\"761eaee\" data-element_type=\"widget\" data-widget_type=\"spacer.default\">\n\t\t\t\t<div class=\"elementor-widget-container\">\n\t\t\t\t\t<div class=\"elementor-spacer\">\n\t\t\t<div class=\"elementor-spacer-inner\"><\/div>\n\t\t<\/div>\n\t\t\t\t<\/div>\n\t\t\t\t<\/div>\n\t\t\t\t<div class=\"elementor-element elementor-element-692ee79 elementor-widget elementor-widget-image\" data-id=\"692ee79\" data-element_type=\"widget\" data-widget_type=\"image.default\">\n\t\t\t\t<div class=\"elementor-widget-container\">\n\t\t\t\t\t\t\t\t\t\t\t\t\t\t\t<img loading=\"lazy\" decoding=\"async\" width=\"900\" height=\"643\" src=\"https:\/\/gedperizie.it\/wp-content\/uploads\/2020\/08\/about-us-img-4.jpg\" class=\"attachment-full size-full\" alt=\"\" srcset=\"https:\/\/gedperizie.it\/wp-content\/uploads\/2020\/08\/about-us-img-4.jpg 900w, https:\/\/gedperizie.it\/wp-content\/uploads\/2020\/08\/about-us-img-4-600x429.jpg 600w, https:\/\/gedperizie.it\/wp-content\/uploads\/2020\/08\/about-us-img-4-300x214.jpg 300w, https:\/\/gedperizie.it\/wp-content\/uploads\/2020\/08\/about-us-img-4-768x549.jpg 768w\" sizes=\"auto, (max-width: 900px) 100vw, 900px\" \/>\t\t\t\t\t\t\t\t\t\t\t\t\t\t\t<\/div>\n\t\t\t\t<\/div>\n\t\t\t\t\t<\/div>\n\t\t<\/div>\n\t\t\t\t<div class=\"elementor-column elementor-col-33 elementor-top-column elementor-element elementor-element-1824fb7\" data-id=\"1824fb7\" data-element_type=\"column\">\n\t\t\t<div class=\"elementor-widget-wrap elementor-element-populated\">\n\t\t\t\t\t\t\t\t<div class=\"elementor-element elementor-element-bf640e5 elementor-widget elementor-widget-spacer\" data-id=\"bf640e5\" data-element_type=\"widget\" data-widget_type=\"spacer.default\">\n\t\t\t\t<div class=\"elementor-widget-container\">\n\t\t\t\t\t<div class=\"elementor-spacer\">\n\t\t\t<div class=\"elementor-spacer-inner\"><\/div>\n\t\t<\/div>\n\t\t\t\t<\/div>\n\t\t\t\t<\/div>\n\t\t\t\t\t<\/div>\n\t\t<\/div>\n\t\t\t\t\t\t\t<\/div>\n\t\t<\/section>\n\t\t\t\t<section class=\"elementor-section elementor-top-section elementor-element elementor-element-6abb7c7 elementor-section-boxed elementor-section-height-default elementor-section-height-default gs-locked-section-no\" data-id=\"6abb7c7\" data-element_type=\"section\">\n\t\t\t\t\t\t<div class=\"elementor-container elementor-column-gap-default\">\n\t\t\t\t\t<div class=\"elementor-column elementor-col-100 elementor-top-column elementor-element elementor-element-ddb325e\" data-id=\"ddb325e\" data-element_type=\"column\">\n\t\t\t<div class=\"elementor-widget-wrap elementor-element-populated\">\n\t\t\t\t\t\t\t\t<div class=\"elementor-element elementor-element-613d95a elementor-widget elementor-widget-spacer\" data-id=\"613d95a\" data-element_type=\"widget\" data-widget_type=\"spacer.default\">\n\t\t\t\t<div class=\"elementor-widget-container\">\n\t\t\t\t\t<div class=\"elementor-spacer\">\n\t\t\t<div class=\"elementor-spacer-inner\"><\/div>\n\t\t<\/div>\n\t\t\t\t<\/div>\n\t\t\t\t<\/div>\n\t\t\t\t\t<\/div>\n\t\t<\/div>\n\t\t\t\t\t\t\t<\/div>\n\t\t<\/section>\n\t\t\t\t<section class=\"elementor-section elementor-top-section elementor-element elementor-element-6a4d528 elementor-section-full_width elementor-section-height-default elementor-section-height-default gs-locked-section-no\" data-id=\"6a4d528\" data-element_type=\"section\">\n\t\t\t\t\t\t<div class=\"elementor-container elementor-column-gap-default\">\n\t\t\t\t\t<div class=\"elementor-column elementor-col-16 elementor-top-column elementor-element elementor-element-e40045f\" data-id=\"e40045f\" data-element_type=\"column\">\n\t\t\t<div class=\"elementor-widget-wrap\">\n\t\t\t\t\t\t\t\t\t<\/div>\n\t\t<\/div>\n\t\t\t\t<div class=\"elementor-column elementor-col-66 elementor-top-column elementor-element elementor-element-33b7997\" data-id=\"33b7997\" data-element_type=\"column\">\n\t\t\t<div class=\"elementor-widget-wrap elementor-element-populated\">\n\t\t\t\t\t\t\t\t<section class=\"elementor-section elementor-inner-section elementor-element elementor-element-bd07f6d elementor-section-boxed elementor-section-height-default elementor-section-height-default gs-locked-section-no\" data-id=\"bd07f6d\" data-element_type=\"section\">\n\t\t\t\t\t\t<div class=\"elementor-container elementor-column-gap-default\">\n\t\t\t\t\t<div class=\"elementor-column elementor-col-66 elementor-inner-column elementor-element elementor-element-fbd028e\" data-id=\"fbd028e\" data-element_type=\"column\">\n\t\t\t<div class=\"elementor-widget-wrap elementor-element-populated\">\n\t\t\t\t\t\t\t\t<div class=\"elementor-element elementor-element-5d6b133 elementor-widget elementor-widget-heading\" data-id=\"5d6b133\" data-element_type=\"widget\" data-widget_type=\"heading.default\">\n\t\t\t\t<div class=\"elementor-widget-container\">\n\t\t\t<style>\/*! elementor - v3.5.6 - 28-02-2022 *\/\n.elementor-heading-title{padding:0;margin:0;line-height:1}.elementor-widget-heading .elementor-heading-title[class*=elementor-size-]>a{color:inherit;font-size:inherit;line-height:inherit}.elementor-widget-heading .elementor-heading-title.elementor-size-small{font-size:15px}.elementor-widget-heading .elementor-heading-title.elementor-size-medium{font-size:19px}.elementor-widget-heading .elementor-heading-title.elementor-size-large{font-size:29px}.elementor-widget-heading .elementor-heading-title.elementor-size-xl{font-size:39px}.elementor-widget-heading .elementor-heading-title.elementor-size-xxl{font-size:59px}<\/style><h4 class=\"elementor-heading-title elementor-size-default\">Perch\u00e9 \u00e8 meglio incaricare un perito tecnico di parte ?<\/h4>\t\t<\/div>\n\t\t\t\t<\/div>\n\t\t\t\t<div class=\"elementor-element elementor-element-f3bc636 elementor-widget elementor-widget-text-editor\" data-id=\"f3bc636\" data-element_type=\"widget\" data-widget_type=\"text-editor.default\">\n\t\t\t\t<div class=\"elementor-widget-container\">\n\t\t\t\t\t\t\t<p style=\"text-align: left;\">Il pi\u00f9 delle volte, le vittime di incidenti si rivolgono ad un legale per la stima del danno e per il successivo disbrigo delle pratiche relative. Questo approccio, nonostante sia molto diffuso, spesso non porta all\u2019ottenimento dei massimi risultati possibili. Nello scegliere a chi affidare la gestione del sinistro, infatti, occorre valutare tanti fattori, fra cui l\u2019ALTO GRADO DI SPECIALIZZAZIONE nel settore degli incidenti e delle assicurazioni. In questo senso, il perito tecnico di parte:<\/p><ul style=\"text-align: left;\"><li style=\"text-align: left;\">conosce nel dettaglio tutti gli errori e le procedure che comporta l\u2019iter della pratica<\/li><li style=\"text-align: left;\">ha a sua disposizione un ampio ventaglio di casi studio<\/li><li style=\"text-align: left;\">pu\u00f2 rispondere al meglio agli inevitabili imprevisti che gli si presenteranno davanti grazie alla sua esperienza professionale<\/li><\/ul><p style=\"text-align: left;\">\u00a0<\/p><p style=\"text-align: left;\">Inoltre, avvalersi di perito tecnico di parte ha il grande vantaggio di tagliare spese onerose (come quelle per i consulenti tecnici esterni) e mantenere i costi pi\u00f9 bassi. Tutto ci\u00f2 si traduce in una contrattazione con esito molto favorevole per il cliente, senza lungaggini di sorta ed economicamente pi\u00f9 redditizia. Questo significa che il perito tecnico di parte si sostituisce SEMPRE all\u2019avvocato? No, in caso di contenzioso legale \u00e8 sempre bene rivolgersi ad un avvocato specializzato. Tuttavia, se si vuole ottenere il massimo risultato dalla gestione di un sinistro, contattare un perito tecnico di parte \u00e8 la scelta migliore.<\/p>\t\t\t\t\t\t<\/div>\n\t\t\t\t<\/div>\n\t\t\t\t\t<\/div>\n\t\t<\/div>\n\t\t\t\t<div class=\"elementor-column elementor-col-33 elementor-inner-column elementor-element elementor-element-b9ec3f6\" data-id=\"b9ec3f6\" data-element_type=\"column\">\n\t\t\t<div class=\"elementor-widget-wrap\">\n\t\t\t\t\t\t\t\t\t<\/div>\n\t\t<\/div>\n\t\t\t\t\t\t\t<\/div>\n\t\t<\/section>\n\t\t\t\t\t<\/div>\n\t\t<\/div>\n\t\t\t\t<div class=\"elementor-column elementor-col-16 elementor-top-column elementor-element elementor-element-f50f75e\" data-id=\"f50f75e\" data-element_type=\"column\">\n\t\t\t<div class=\"elementor-widget-wrap\">\n\t\t\t\t\t\t\t\t\t<\/div>\n\t\t<\/div>\n\t\t\t\t\t\t\t<\/div>\n\t\t<\/section>\n\t\t\t\t<section class=\"elementor-section elementor-top-section elementor-element elementor-element-dd6cfe8 elementor-section-boxed elementor-section-height-default elementor-section-height-default gs-locked-section-no\" data-id=\"dd6cfe8\" data-element_type=\"section\">\n\t\t\t\t\t\t<div class=\"elementor-container elementor-column-gap-default\">\n\t\t\t\t\t<div class=\"elementor-column elementor-col-100 elementor-top-column elementor-element elementor-element-ef92370\" data-id=\"ef92370\" data-element_type=\"column\">\n\t\t\t<div class=\"elementor-widget-wrap elementor-element-populated\">\n\t\t\t\t\t\t\t\t<div class=\"elementor-element elementor-element-e66877a elementor-widget elementor-widget-spacer\" data-id=\"e66877a\" data-element_type=\"widget\" data-widget_type=\"spacer.default\">\n\t\t\t\t<div class=\"elementor-widget-container\">\n\t\t\t\t\t<div class=\"elementor-spacer\">\n\t\t\t<div class=\"elementor-spacer-inner\"><\/div>\n\t\t<\/div>\n\t\t\t\t<\/div>\n\t\t\t\t<\/div>\n\t\t\t\t\t<\/div>\n\t\t<\/div>\n\t\t\t\t\t\t\t<\/div>\n\t\t<\/section>\n\t\t\t\t\t\t<\/div>\n\t\t\t\t\t<\/div>\n\t\t","protected":false},"excerpt":{"rendered":"<p>G&amp;D Perizie, i periti tecnici di parte con un\u2019unica missione:lavorare al tuo fianco per farti riacquistare serenit\u00e0 e sicurezza Ogni incidente reca con&#8230;<\/p>\n","protected":false},"author":1,"featured_media":0,"parent":0,"menu_order":0,"comment_status":"closed","ping_status":"closed","template":"","meta":{"footnotes":""},"class_list":["post-857","page","type-page","status-publish","hentry"],"acf":[],"_links":{"self":[{"href":"https:\/\/gedperizie.it\/index.php\/wp-json\/wp\/v2\/pages\/857","targetHints":{"allow":["GET"]}}],"collection":[{"href":"https:\/\/gedperizie.it\/index.php\/wp-json\/wp\/v2\/pages"}],"about":[{"href":"https:\/\/gedperizie.it\/index.php\/wp-json\/wp\/v2\/types\/page"}],"author":[{"embeddable":true,"href":"https:\/\/gedperizie.it\/index.php\/wp-json\/wp\/v2\/users\/1"}],"replies":[{"embeddable":true,"href":"https:\/\/gedperizie.it\/index.php\/wp-json\/wp\/v2\/comments?post=857"}],"version-history":[{"count":166,"href":"https:\/\/gedperizie.it\/index.php\/wp-json\/wp\/v2\/pages\/857\/revisions"}],"predecessor-version":[{"id":2678,"href":"https:\/\/gedperizie.it\/index.php\/wp-json\/wp\/v2\/pages\/857\/revisions\/2678"}],"wp:attachment":[{"href":"https:\/\/gedperizie.it\/index.php\/wp-json\/wp\/v2\/media?parent=857"}],"curies":[{"name":"wp","href":"https:\/\/api.w.org\/{rel}","templated":true}]}}